{"id":12,"date":"2023-03-23T13:02:59","date_gmt":"2023-03-23T13:02:59","guid":{"rendered":"https:\/\/anke123.koehring.net\/?page_id=12"},"modified":"2023-03-24T19:50:08","modified_gmt":"2023-03-24T19:50:08","slug":"kontakt","status":"publish","type":"page","link":"https:\/\/anke123.koehring.net\/?page_id=12","title":{"rendered":"Impressum"},"content":{"rendered":"\n<p class=\"has-text-align-center\"><strong>Der Vorstand des<\/strong> <strong>Buerbeerverein B\u00f6sel<\/strong><\/p>\n\n\n\n<figure class=\"wp-block-table aligncenter\"><table><tbody><tr><td>1. Vorsitzende:<\/td><td>Uwe Ness<\/td><\/tr><tr><td>2. Vorsitzende:<\/td><td>Helmut Hackeradt<\/td><\/tr><tr><td>Kassenf\u00fchrer:<\/td><td>Carsten Harder<\/td><\/tr><tr><td>Schriftf\u00fchrerin:<\/td><td>Heidi Meyer<\/td><\/tr><tr><td>Beisitzer:<\/td><td>Christian v.d. Sitt<\/td><\/tr><tr><td><br><\/td><td>Heinz Kiefer<\/td><\/tr><tr><td><br><\/td><td>Volker Tontarski<\/td><\/tr><tr><td><br><\/td><td>Hartmut Klammer<\/td><\/tr><tr><td><br><\/td><td>Markus Gauster<\/td><\/tr><\/tbody><\/table><\/figure>\n\n\n\n<figure class=\"wp-block-image size-full\"><img loading=\"lazy\" decoding=\"async\" width=\"50\" height=\"50\" src=\"https:\/\/anke123.koehring.net\/wp-content\/uploads\/2023\/03\/email004.gif\" alt=\"\" class=\"wp-image-60\"\/><\/figure>\n\n\n\n<div class=\"wp-block-buttons is-layout-flex wp-block-buttons-is-layout-flex\">\n<div class=\"wp-block-button\"><a class=\"wp-block-button__link wp-element-button\" href=\"mailto:uwe.ness@buerbeer.de\" target=\"_blank\" rel=\"noreferrer noopener\">Kontakt<\/a><\/div>\n<\/div>\n\n\n\n<div class=\"wp-block-group\"><div class=\"wp-block-group__inner-container is-layout-constrained wp-block-group-is-layout-constrained\">\n<div class=\"wp-block-columns is-layout-flex wp-container-core-columns-is-layout-9d6595d7 wp-block-columns-is-layout-flex\">\n<div class=\"wp-block-column is-layout-flow wp-block-column-is-layout-flow\" style=\"flex-basis:100%\">\n<p>&#8222;Gem\u00e4\u00df \u00a7 5 Abs.1 TDG sind wir ausschlie\u00dflich nur f\u00fcr die eigenen Inhalte verantwortlich. F\u00fcr Links auf fremde Inhalte dritter Anbieter sind wir gem\u00e4\u00df \u00a7 5 Abs.2 TDG nur verantwortlich, wenn wir von einem rechtswidrigen oder strafbaren Gehalt positive Kenntnis haben und es technisch m\u00f6glich und zumutbar ist, deren Nutzung zu verhindern. Auch sind wir nicht verpflichtet, in periodischen Abst\u00e4nden den Inhalt von Angeboten Dritter auf deren Rechtswidrigkeit oder Strafbarkeit zu \u00fcberpr\u00fcfen. Sobald wir von dem rechtswidrigen Inhalt der Web-Seiten Dritter erfahren, wird der entsprechende Link von unserer Seite entfernt. Weiterhin m\u00f6chten wir ausdr\u00fccklich betonen, dass wir keinerlei Einfluss auf die Gestaltung und die Inhalte der gelinkten Seiten haben. Deshalb distanzieren wir uns hiermit ausdr\u00fccklich von allen Inhalten aller gelinkten Seiten auf der gesamten Website inkl. aller Unterseiten. Diese Erkl\u00e4rung gilt f\u00fcr alle auf der Homepage ausgebrachten Links und f\u00fcr alle Inhalte der Seiten, zu denen Links oder Banner f\u00fchren. Sollten Inhalte dieser Internetangebote gegen geltendes Urheberrecht oder das Markengesetz versto\u00dfen, werden diese auf Hinweis schnellstm\u00f6glich entfernt.&#8220;<\/p>\n<\/div>\n<\/div>\n<\/div><\/div>\n","protected":false},"excerpt":{"rendered":"<p>Der Vorstand des Buerbeerverein B\u00f6sel 1. Vorsitzende: Uwe Ness 2. Vorsitzende: Helmut Hackeradt Kassenf\u00fchrer: Carsten Harder Schriftf\u00fchrerin: Heidi Meyer Beisitzer: Christian v.d. Sitt Heinz Kiefer Volker Tontarski Hartmut Klammer Markus Gauster &#8222;Gem\u00e4\u00df \u00a7 5 Abs.1 TDG sind wir ausschlie\u00dflich nur f\u00fcr die eigenen Inhalte verantwortlich. F\u00fcr Links auf fremde Inhalte dritter Anbieter sind wir gem\u00e4\u00df [&hellip;]<\/p>\n","protected":false},"author":2,"featured_media":0,"parent":0,"menu_order":0,"comment_status":"closed","ping_status":"closed","template":"","meta":{"footnotes":""},"class_list":["post-12","page","type-page","status-publish","hentry"],"_links":{"self":[{"href":"https:\/\/anke123.koehring.net\/index.php?rest_route=\/wp\/v2\/pages\/12","targetHints":{"allow":["GET"]}}],"collection":[{"href":"https:\/\/anke123.koehring.net\/index.php?rest_route=\/wp\/v2\/pages"}],"about":[{"href":"https:\/\/anke123.koehring.net\/index.php?rest_route=\/wp\/v2\/types\/page"}],"author":[{"embeddable":true,"href":"https:\/\/anke123.koehring.net\/index.php?rest_route=\/wp\/v2\/users\/2"}],"replies":[{"embeddable":true,"href":"https:\/\/anke123.koehring.net\/index.php?rest_route=%2Fwp%2Fv2%2Fcomments&post=12"}],"version-history":[{"count":10,"href":"https:\/\/anke123.koehring.net\/index.php?rest_route=\/wp\/v2\/pages\/12\/revisions"}],"predecessor-version":[{"id":205,"href":"https:\/\/anke123.koehring.net\/index.php?rest_route=\/wp\/v2\/pages\/12\/revisions\/205"}],"wp:attachment":[{"href":"https:\/\/anke123.koehring.net\/index.php?rest_route=%2Fwp%2Fv2%2Fmedia&parent=12"}],"curies":[{"name":"wp","href":"https:\/\/api.w.org\/{rel}","templated":true}]}}