{"id":10,"date":"2023-03-23T13:02:59","date_gmt":"2023-03-23T13:02:59","guid":{"rendered":"https:\/\/anke123.koehring.net\/?page_id=10"},"modified":"2023-04-20T13:49:24","modified_gmt":"2023-04-20T13:49:24","slug":"aktuelles","status":"publish","type":"page","link":"https:\/\/anke123.koehring.net\/","title":{"rendered":"aktuelles"},"content":{"rendered":"<div class=\"wp-block-image\">\n<figure class=\"aligncenter\"><img decoding=\"async\" src=\"http:\/\/buerbeer.de\/Home_NBuerbeer-Logo-web.gif\" alt=\"Home\" title=\"Home\"\/><\/figure>\n<\/div>\n\n\n<p>Willkommen auf unserer Homepage.<\/p>\n\n\n\n<p>Diese Seiten sollen einen kleinen \u00dcberblick \u00fcber das<br><em><strong>B\u00f6seler Buerbeerfest<\/strong> <\/em>geben,<br>es gilt als sch\u00f6nstes Volksfest im Wendland. Man findet hier aktuelle Informationen und Bilder. <\/p>\n\n\n\n<figure class=\"wp-block-image\"><img decoding=\"async\" src=\"http:\/\/buerbeer.de\/Buerbeer_2021.jpg\" alt=\"Buerbeer 2021\" title=\"Buerbeer 2021\"\/><\/figure>\n\n\n\n<p><\/p>\n\n\n\n<p>Das Buerbeerfest in B\u00f6sel<\/p>\n\n\n\n<p><strong>Fr\u00fchlingserwachen im Wendland!<\/strong><\/p>\n\n\n\n<p><strong>The Wendisch-Open<\/strong> \u00f6ffnen ihre Pforten. Nur f\u00fcr Euch und das schon bald!<\/p>\n\n\n\n<p>&#8230; n\u00e4mlich vom <strong>28. bis 30. April 2023<\/strong><\/p>\n\n\n\n<p><strong>Wie wird\u2019s denn gehen?<\/strong> Hier eine kleine Anleitung:<\/p>\n\n\n\n<p>Wie nat\u00fcrlich alle Gl\u00e4ubigen schon wissen, findet unser traditionsgem\u00e4\u00dfer<br><strong>Buerbeer-Gottesdienst am 23. April, um 14 Uhr in der B\u00f6seler Kirche<\/strong> statt.<\/p>\n\n\n\n<p>Es lohnt sich!<\/p>\n\n\n\n<p><strong>Freitag, 28. April 2023 ab 20 Uhr<\/strong><\/p>\n\n\n\n<p>\u00d6ffentliche Tanzveranstaltung mit angesagten Schlager- und Pop-Songs von der gro\u00dfen B\u00fchne.<\/p>\n\n\n\n<p>Mal wieder ein richtig gepflegtes Tanzvergn\u00fcgen im <strong>feinen Zwirn<\/strong> erleben.<\/p>\n\n\n\n<p><strong>Samstag, 29. April 2023 ab 14 Uhr<\/strong><\/p>\n\n\n\n<p>An diesem Nachmittag veranstalten wir f\u00fcr unsere Kleinen ein gro\u00dfes Vergn\u00fcgen mit einem bekannten Bauchredner.<\/p>\n\n\n\n<p><strong>ab 20 Uhr<\/strong><\/p>\n\n\n\n<p>Back TO THE ROOTS !!!<\/p>\n\n\n\n<p><strong>RIGHT NOW<\/strong> Berlins Party-Export Nr.1 spielt in B\u00f6sel. Es gibt viele Bezeichnungen f\u00fcr diese Band: Pady-Band, Crossover-Band, Cover-Band, Gala-Band, Top-40-Band und alle sind richtig! Das Sextett spielt gro\u00dfe Hits, Evergreens, aktuelles und bringt dabei sein Publikum mit begnadeten Musikern und zwei echten Rampens\u00e4uen, der charismatischen S\u00e4ngerin <strong>Katha<\/strong> und dem charmanten S\u00e4nger <strong>Marek<\/strong>, zum Kochen. Bei Musik von Katy Perry bis hin zu dn Red Hot Chili Peppers wird hier getanzt, gesungen, geschwelgt und bestimmt geknutscht weden. Da gibt\u2019fs doch wohl keine Fragen mehr, was <strong>WIR ALLE<\/strong> am 29. April machen! <\/p>\n\n\n\n<p>Oder? Na also!<\/p>\n\n\n\n<figure class=\"wp-block-image\"><img decoding=\"async\" src=\"http:\/\/buerbeer.de\/Presse-Right-Now-15-scaled.jpg\" alt=\"Presse-Right-Now-15-scaled\" title=\"Presse-Right-Now-15-scaled\"\/><\/figure>\n\n\n\n<figure class=\"wp-block-image\"><img decoding=\"async\" src=\"http:\/\/buerbeer.de\/Logo-BY-Sublineat10x.png\" alt=\"Logo-BY-Subline@10x\" title=\"Logo-BY-Subline@10x\"\/><\/figure>\n\n\n\n<p><strong>Sonntag, 30. April 2023 ab 13 Uhr<\/strong><\/p>\n\n\n\n<p>Sensationeller Festumzug in B\u00f6sel mit fantastischen Themenwagen. Wir erwarten zu diesem Anlass wie immer mehrere tausend Zuschauer. Von uns f\u00fcr Euch! Denn daf\u00fcr sind wir da! <\/p>\n\n\n\n<p><strong>Freut Euch!<\/strong><\/p>\n\n\n\n<p><strong>ab 15 Uhr<\/strong><\/p>\n\n\n\n<p>traditionelle Originale und originelle Blechmusik begleitet von <strong>Pfeffer &amp; Salz<\/strong>.<\/p>\n\n\n\n<figure class=\"wp-block-image\"><img decoding=\"async\" src=\"http:\/\/buerbeer.de\/k-IMG-20180506-WA0002.jpg\" alt=\"k-IMG-20180506-WA0002\" title=\"k-IMG-20180506-WA0002\"\/><\/figure>\n\n\n\n<figure class=\"wp-block-image\"><img decoding=\"async\" src=\"http:\/\/buerbeer.de\/k-IMG-20180506-WA0003.jpg\" alt=\"k-IMG-20180506-WA0003\" title=\"k-IMG-20180506-WA0003\"\/><\/figure>\n\n\n\n<figure class=\"wp-block-image\"><img decoding=\"async\" src=\"http:\/\/buerbeer.de\/k-IMG-20180506-WA0005.jpg\" alt=\"k-IMG-20180506-WA0005\" title=\"k-IMG-20180506-WA0005\"\/><\/figure>\n\n\n\n<div class=\"wp-block-columns alignwide is-layout-flex wp-container-core-columns-is-layout-9d6595d7 wp-block-columns-is-layout-flex\">\n<div class=\"wp-block-column is-layout-flow wp-block-column-is-layout-flow\"><\/div>\n\n\n\n<div class=\"wp-block-column is-layout-flow wp-block-column-is-layout-flow\"><\/div>\n<\/div>\n\n\n\n<p><\/p>\n\n\n\n<div class=\"wp-block-group\"><div class=\"wp-block-group__inner-container is-layout-flow wp-block-group-is-layout-flow\">\n<div class=\"wp-block-button aligncenter is-style-fill\"><a class=\"wp-block-button__link wp-element-button\" href=\"http:\/\/buerbeer.de\/Beitrittserklarung.pdf\" target=\"_blank\" rel=\"noreferrer noopener\">Mitglied werden<\/a><\/div>\n<\/div><\/div>\n\n\n\n<figure class=\"wp-block-gallery alignwide has-nested-images columns-default is-cropped wp-block-gallery-1 is-layout-flex wp-block-gallery-is-layout-flex\"><\/figure>\n","protected":false},"excerpt":{"rendered":"<p>Willkommen auf unserer Homepage. Diese Seiten sollen einen kleinen \u00dcberblick \u00fcber dasB\u00f6seler Buerbeerfest geben,es gilt als sch\u00f6nstes Volksfest im Wendland. Man findet hier aktuelle Informationen und Bilder. Das Buerbeerfest in B\u00f6sel Fr\u00fchlingserwachen im Wendland! The Wendisch-Open \u00f6ffnen ihre Pforten. Nur f\u00fcr Euch und das schon bald! &#8230; n\u00e4mlich vom 28. bis 30. April 2023 Wie [&hellip;]<\/p>\n","protected":false},"author":2,"featured_media":0,"parent":0,"menu_order":0,"comment_status":"closed","ping_status":"closed","template":"templates\/template-full-width.php","meta":{"footnotes":""},"class_list":["post-10","page","type-page","status-publish","hentry"],"_links":{"self":[{"href":"https:\/\/anke123.koehring.net\/index.php?rest_route=\/wp\/v2\/pages\/10","targetHints":{"allow":["GET"]}}],"collection":[{"href":"https:\/\/anke123.koehring.net\/index.php?rest_route=\/wp\/v2\/pages"}],"about":[{"href":"https:\/\/anke123.koehring.net\/index.php?rest_route=\/wp\/v2\/types\/page"}],"author":[{"embeddable":true,"href":"https:\/\/anke123.koehring.net\/index.php?rest_route=\/wp\/v2\/users\/2"}],"replies":[{"embeddable":true,"href":"https:\/\/anke123.koehring.net\/index.php?rest_route=%2Fwp%2Fv2%2Fcomments&post=10"}],"version-history":[{"count":27,"href":"https:\/\/anke123.koehring.net\/index.php?rest_route=\/wp\/v2\/pages\/10\/revisions"}],"predecessor-version":[{"id":259,"href":"https:\/\/anke123.koehring.net\/index.php?rest_route=\/wp\/v2\/pages\/10\/revisions\/259"}],"wp:attachment":[{"href":"https:\/\/anke123.koehring.net\/index.php?rest_route=%2Fwp%2Fv2%2Fmedia&parent=10"}],"curies":[{"name":"wp","href":"https:\/\/api.w.org\/{rel}","templated":true}]}}